{"id":1119875,"date":"2025-07-24T13:04:25","date_gmt":"2025-07-24T12:04:25","guid":{"rendered":"https:\/\/develop.woonwerk.eu\/?page_id=1119875"},"modified":"2026-04-13T13:09:09","modified_gmt":"2026-04-13T12:09:09","slug":"team","status":"publish","type":"page","link":"https:\/\/staging.woonwerk.eu\/nl\/team\/","title":{"rendered":"Team"},"content":{"rendered":"<p>[et_pb_section fb_built=&#8221;1&#8243; admin_label=&#8221;Section Hero Header&#8221; _builder_version=&#8221;4.27.6&#8243; _module_preset=&#8221;default&#8221; background_color=&#8221;#ADB9BE&#8221; use_background_color_gradient=&#8221;on&#8221; background_color_gradient_stops=&#8221;rgba(20,26,42,0.25) 0%|rgba(255,255,255,0) 37%|rgba(20,26,42,0.8) 100%&#8221; background_color_gradient_overlays_image=&#8221;on&#8221; background_image=&#8221;https:\/\/staging.woonwerk.eu\/wp-content\/uploads\/2025\/12\/ww-featured-office-team-03.webp&#8221; positioning=&#8221;none&#8221; custom_padding=&#8221;||307px|||&#8221; locked=&#8221;off&#8221; global_colors_info=&#8221;{}&#8221;][et_pb_row column_structure=&#8221;1_2,1_2&#8243; _builder_version=&#8221;4.27.3&#8243; _module_preset=&#8221;default&#8221; global_colors_info=&#8221;{}&#8221;][et_pb_column type=&#8221;1_2&#8243; _builder_version=&#8221;4.27.3&#8243; _module_preset=&#8221;default&#8221; global_colors_info=&#8221;{}&#8221;][et_pb_text admin_label=&#8221;Breadcrumb title&#8221; module_class=&#8221;ww_breadcrumb&#8221; _builder_version=&#8221;4.27.6&#8243; _module_preset=&#8221;default&#8221; background_layout=&#8221;dark&#8221; text_text_shadow_style=&#8221;preset3&#8243; global_colors_info=&#8221;{}&#8221;]<\/p>\n<p><a href=\"\/nl\/office\/\">Office<\/a> | Team<\/p>\n<p>[\/et_pb_text][\/et_pb_column][et_pb_column type=&#8221;1_2&#8243; _builder_version=&#8221;4.27.3&#8243; _module_preset=&#8221;default&#8221; global_colors_info=&#8221;{}&#8221;][\/et_pb_column][\/et_pb_row][et_pb_row column_structure=&#8221;3_4,1_4&#8243; make_equal=&#8221;on&#8221; _builder_version=&#8221;4.27.3&#8243; _module_preset=&#8221;default&#8221; custom_margin=&#8221;460px|auto||auto||&#8221; global_colors_info=&#8221;{}&#8221;][et_pb_column type=&#8221;3_4&#8243; _builder_version=&#8221;4.27.3&#8243; _module_preset=&#8221;default&#8221; global_colors_info=&#8221;{}&#8221;][et_pb_heading title=&#8221;@ET-DC@eyJkeW5hbWljIjp0cnVlLCJjb250ZW50IjoicG9zdF90aXRsZSIsInNldHRpbmdzIjp7ImJlZm9yZSI6IiIsImFmdGVyIjoiIn19@&#8221; _builder_version=&#8221;4.27.4&#8243; _dynamic_attributes=&#8221;title&#8221; _module_preset=&#8221;default&#8221; title_text_color=&#8221;#FFFFFF&#8221; title_font_size=&#8221;72px&#8221; positioning=&#8221;absolute&#8221; position_origin_a=&#8221;center_left&#8221; width=&#8221;100%&#8221; title_text_shadow_style=&#8221;preset3&#8243; global_colors_info=&#8221;{}&#8221;][\/et_pb_heading][et_pb_text admin_label=&#8221;Categories&#8221; module_class=&#8221;ww_single_categories&#8221; _builder_version=&#8221;4.27.4&#8243; _dynamic_attributes=&#8221;content&#8221; _module_preset=&#8221;default&#8221; positioning=&#8221;absolute&#8221; position_origin_a=&#8221;center_left&#8221; background_layout=&#8221;dark&#8221; width=&#8221;100%&#8221; custom_margin=&#8221;|||5px|false|false&#8221; custom_css_main_element=&#8221;top:-60px;&#8221; global_colors_info=&#8221;{}&#8221;]@ET-DC@eyJkeW5hbWljIjp0cnVlLCJjb250ZW50IjoicG9zdF9jYXRlZ29yaWVzIiwic2V0dGluZ3MiOnsiYmVmb3JlIjoiIiwiYWZ0ZXIiOiIiLCJsaW5rX3RvX3Rlcm1fcGFnZSI6Im9mZiIsInNlcGFyYXRvciI6IiAiLCJjYXRlZ29yeV90eXBlIjoiY2F0ZWdvcnkifX0=@[\/et_pb_text][\/et_pb_column][et_pb_column type=&#8221;1_4&#8243; _builder_version=&#8221;4.27.3&#8243; _module_preset=&#8221;default&#8221; global_colors_info=&#8221;{}&#8221;][et_pb_text admin_label=&#8221;Scroll voor meer info text&#8221; module_class=&#8221;ww_scroll_4more&#8221; _builder_version=&#8221;4.27.4&#8243; _module_preset=&#8221;default&#8221; text_text_color=&#8221;#FFFFFF&#8221; positioning=&#8221;absolute&#8221; position_origin_a=&#8221;center_right&#8221; text_orientation=&#8221;right&#8221; background_layout=&#8221;dark&#8221; width=&#8221;100%&#8221; link_option_url=&#8221;#project-content&#8221; text_text_shadow_style=&#8221;preset3&#8243; global_colors_info=&#8221;{}&#8221;]<\/p>\n<p>Scroll voor meer info<\/p>\n<p>[\/et_pb_text][\/et_pb_column][\/et_pb_row][\/et_pb_section][et_pb_section fb_built=&#8221;1&#8243; admin_label=&#8221;Section Introtext&#8221; _builder_version=&#8221;4.27.3&#8243; _module_preset=&#8221;default&#8221; locked=&#8221;off&#8221; global_colors_info=&#8221;{}&#8221;][et_pb_row column_structure=&#8221;2_3,1_3&#8243; use_custom_gutter=&#8221;on&#8221; _builder_version=&#8221;4.27.6&#8243; _module_preset=&#8221;default&#8221; custom_padding=&#8221;68px|||25px|false|false&#8221; hover_enabled=&#8221;0&#8243; global_colors_info=&#8221;{}&#8221; sticky_enabled=&#8221;0&#8243;][et_pb_column type=&#8221;2_3&#8243; _builder_version=&#8221;4.27.3&#8243; _module_preset=&#8221;default&#8221; global_colors_info=&#8221;{}&#8221;][et_pb_text _builder_version=&#8221;4.27.6&#8243; _module_preset=&#8221;default&#8221; text_text_color=&#8221;#0078DC&#8221; text_font_size=&#8221;31px&#8221; text_letter_spacing=&#8221;-0.08px&#8221; text_line_height=&#8221;1.1em&#8221; header_text_color=&#8221;#0078DC&#8221; header_letter_spacing=&#8221;-0.07px&#8221; custom_padding=&#8221;||0px|||&#8221; global_colors_info=&#8221;{}&#8221;]<\/p>\n<p>Woonwerk is a dedicated team of architects and urban designers working together from our studios in Antwerp and Rotterdam. We share a common curiosity for the city and a strong belief in design.<\/p>\n<p>[\/et_pb_text][et_pb_text _builder_version=&#8221;4.27.6&#8243; _module_preset=&#8221;default&#8221; text_text_color=&#8221;rgba(26,26,26,0.5)&#8221; text_font_size=&#8221;16px&#8221; text_line_height=&#8221;22px&#8221; header_text_color=&#8221;rgba(0,0,0,0.5)&#8221; header_font_size=&#8221;14px&#8221; header_letter_spacing=&#8221;-0.03px&#8221; header_2_text_color=&#8221;RGBA(0,0,0,0.5)&#8221; header_2_font_size=&#8221;14px&#8221; max_width=&#8221;580px&#8221; custom_margin=&#8221;0px||0px||false|false&#8221; custom_padding=&#8221;||||false|false&#8221; global_colors_info=&#8221;{}&#8221;]<\/p>\n<p>Our studio functions as a collaborative environment where ideas, knowledge and experience are exchanged. We believe that good architecture emerges from teamwork and from a place where people enjoy working together.<\/p>\n<p>[\/et_pb_text][\/et_pb_column][et_pb_column type=&#8221;1_3&#8243; _builder_version=&#8221;4.27.3&#8243; _module_preset=&#8221;default&#8221; global_colors_info=&#8221;{}&#8221;][et_pb_divider show_divider=&#8221;off&#8221; _builder_version=&#8221;4.27.3&#8243; _module_preset=&#8221;default&#8221; custom_margin=&#8221;18px||||false|false&#8221; global_colors_info=&#8221;{}&#8221;][\/et_pb_divider][\/et_pb_column][\/et_pb_row][\/et_pb_section][et_pb_section fb_built=&#8221;1&#8243; admin_label=&#8221;Section Team Members&#8221; _builder_version=&#8221;4.27.3&#8243; _module_preset=&#8221;default&#8221; locked=&#8221;off&#8221; global_colors_info=&#8221;{}&#8221;][et_pb_row admin_label=&#8221;Row Current Team Members&#8221; _builder_version=&#8221;4.27.4&#8243; _module_preset=&#8221;default&#8221; global_colors_info=&#8221;{}&#8221;][et_pb_column type=&#8221;4_4&#8243; _builder_version=&#8221;4.27.4&#8243; _module_preset=&#8221;default&#8221; global_colors_info=&#8221;{}&#8221;][et_pb_text module_class=&#8221;ww_team_filter&#8221; _builder_version=&#8221;4.27.4&#8243; _module_preset=&#8221;default&#8221; global_colors_info=&#8221;{}&#8221;]<\/p>\n\n        \t\t\n                \n\t\t<div id=\"ymc-filter-1\"\n             class=\"ymc ymc-filter-grids ymc-container js-ymc-container ymc-filter-1120035 ymc-filter-1120035-1\"\n             data-params=\"{&quot;post_types&quot;:[&quot;team-members&quot;],&quot;taxonomies&quot;:[&quot;teammember_category&quot;],&quot;terms&quot;:[44,41],&quot;preloader_settings&quot;:{&quot;icon&quot;:&quot;dual_arc&quot;,&quot;filter_preloader&quot;:&quot;grayscale&quot;,&quot;custom_filters_css&quot;:&quot;&quot;},&quot;filter_id&quot;:1120035,&quot;counter&quot;:1,&quot;page_id&quot;:0,&quot;paged&quot;:1}\"\n             data-loading-enabled=\"true\"\n             data-grid-style=\"grid\"\n             data-filter-id=\"1120035\">\n\t\t\t\r\n\t    <style>\r\n\t    .ymc-filter-1120035, .ymc-extra-filter-1120035 {\r\n\t        --ymc-filter-font-family: inherit;\r\n\t        --ymc-filter-font-size: 16px;\r\n\t        --ymc-filter-font-weight: 400;\r\n\t        --ymc-filter-font-style: normal;\r\n\t        --ymc-filter-line-height: 1.4;\r\n\t        --ymc-filter-letter-spacing: 1;\r\n\t        --ymc-filter-text-transform: none;\r\n\t        --ymc-filter-background-color: #095c81;\r\n\t        --ymc-filter-color: #ffffff;\r\n\t        --ymc-filter-active-color: #ffffff;\r\n\t        --ymc-filter-active-background-color: #1f1f1f;\r\n\t        --ymc-filter-hover-text-color: #ffffff;\r\n\t        --ymc-filter-hover-background-color: #095c81;\r\n\t        --ymc-filter-justify-content: flex-start;\r\n\t        --ymc-filter-padding-top: 10px;\n--ymc-filter-padding-right: 20px;\n--ymc-filter-padding-bottom: 10px;\n--ymc-filter-padding-left: 20px;\n\r\n\t        --ymc-filter-margin-top: 0px;\n--ymc-filter-margin-right: 10px;\n--ymc-filter-margin-bottom: 10px;\n--ymc-filter-margin-left: 0px;\n\r\n\t\r\n\t        --ymc-post-title-font-family: inherit;\r\n\t        --ymc-post-title-font-size: 24px;\r\n\t        --ymc-post-title-font-weight: 600;\r\n\t        --ymc-post-title-text-transform: none;\r\n\t        --ymc-post-title-line-height: 1.4;\r\n\t        --ymc-post-title-letter-spacing: 1;\r\n\t        --ymc-post-title-color: #1f1f1f;\r\n\t\r\n\t        --ymc-post-meta-font-family: inherit;\r\n\t        --ymc-post-meta-font-size: 14px;\r\n\t        --ymc-post-meta-font-weight: 400;\r\n\t        --ymc-post-meta-color: #1f1f1f;\r\n\t\r\n\t        --ymc-post-excerpt-font-family: inherit;\r\n\t        --ymc-post-excerpt-font-size: 16px;\r\n\t        --ymc-post-excerpt-font-weight: 400;\r\n\t        --ymc-post-excerpt-line-height: 1.4;\r\n\t        --ymc-post-excerpt-font-style: normal;\r\n\t        --ymc-post-excerpt-transform: none;\r\n\t        --ymc-post-excerpt-letter-spacing: 1;\r\n\t        --ymc-post-excerpt-color: #1f1f1f;\r\n\t\r\n\t        --ymc-post-link-font-family: inherit;\r\n\t        --ymc-post-link-font-size: 16px;\r\n\t        --ymc-post-link-font-weight: 400;\r\n\t        --ymc-post-link-transform: none;\r\n\t        --ymc-post-link-letter-spacing: 1;\r\n\t        --ymc-post-link-color: #1f1f1f;\r\n\t    }\r\n\t    <\/style>\n<div class=\"filter-posts-wrapper\">\n\t\t\t    <div class=\"filter-layout filter-layout--top\">\n                <div class=\"filter-section filter-section--top\">\n\t        \t        \r\n        <div class=\"filter filter-default filter-teammember_category filter-1120035\"\r\n             data-filter-type=\"default\"\r\n             data-selection-mode=\"single\">\r\n            <div class=\"filter-default-inner\">\r\n                <div class=\"filter-buttons\">\r\n                                        <button class=\"filter-button filter-button--all is-active js-filter-button-all\"\r\n                            data-all-terms='[156,157]'>\r\n                        <span class=\"text\">\r\n                        All<\/span>\r\n                    <\/button>\r\n\r\n                            <button class=\"filter-button left-icon\"\r\n\t\t\t                data-termid=\"156\"\r\n                aria-pressed=\"false\">\r\n\t\t\t            <span class=\"text\">antwrp<\/span>\r\n        <\/button>\r\n\t\t        <button class=\"filter-button left-icon\"\r\n\t\t\t                data-termid=\"157\"\r\n                aria-pressed=\"false\">\r\n\t\t\t            <span class=\"text\">rdam<\/span>\r\n        <\/button>\r\n\t\t                <\/div>\r\n            <\/div>\r\n        <\/div>\r\n\r\n\t\t\t                <\/div>\n                <div class=\"filter-content\">\n                        <div class=\"posts-grid js-ajax-content ymc-cols-xxs-1 ymc-cols-xs-1 ymc-cols-sm-2 ymc-cols-md-3 ymc-cols-lg-4 ymc-cols-xl-4 ymc-col-gap-30 ymc-row-gap-30 ymc-col-gap-30 ymc-row-gap-30\"><\/div>\n\t                <\/div>\n    <\/div>\n<\/div>\n\n\t\t<\/div>\n\t\t\n<p>[\/et_pb_text][\/et_pb_column][\/et_pb_row][et_pb_row admin_label=&#8221;Row Former Team Members&#8221; _builder_version=&#8221;4.27.5&#8243; _module_preset=&#8221;default&#8221; locked=&#8221;off&#8221; global_colors_info=&#8221;{}&#8221;][et_pb_column type=&#8221;4_4&#8243; _builder_version=&#8221;4.27.5&#8243; _module_preset=&#8221;default&#8221; global_colors_info=&#8221;{}&#8221;][et_pb_text _builder_version=&#8221;4.27.6&#8243; _module_preset=&#8221;default&#8221; text_orientation=&#8221;justified&#8221; max_width=&#8221;850px&#8221; custom_margin=&#8221;|||25px|false|false&#8221; hover_enabled=&#8221;0&#8243; global_colors_info=&#8221;{}&#8221; sticky_enabled=&#8221;0&#8243;]<\/p>\n<h3>Voormalige medewerkers:<\/h3>\n<p>Iris Pradillo (2025), Lisa Janssens (2024-2025), Bart Van Elteren (2021-2024), Myrto Patra (2025), Darta Adamsone (2024-2025), Han Yang (2024), Katar\u00edna Kar\u00e1skov\u00e1 (2020-2024), Gongbu Han (2022-2024), Shamila Gostelow (2021-2024), Sophie Soenen (2024), Jan Pospisilik (2023), Leine Medniece (2019-2023), Pim Pelt (2022-2023), Charlotte Meijerink (2022-2023), Floor van de Lustgraaf (2022- 2023), Juliette de Meijer (2022-2023), Marieke van Hensbergen (2006-2022), Maciek Konik (2021-22), Joris van Arkel (2018-2022), Nicolette Marzovilla (2017-2022), Marcel Wachala (2021-2022), Pavel Hanis\u030c (2020-2021),\u00a0Anneke Wisse (2020-2021), Monique Haarman (2019-2020), Anna Dobrawa Kicinska (2019-2020), Marco Moretto (2017-2020), Heejin Chung (2018-2019), Virginia Lazarou (2019), Xavier Aguilar (2017-2018), Mathieu Chataignier (2018-2019), Cristina Genovese (2018-2019), David Zatloukal (2018),\u00a0Helen Devine (2018), Gemma Carcasona Moli\u00f3 (2017-2018), Anne Declerck (2017-2018), Th\u00e9ophile Paquet (2017), Karolis\u00a0Grigaitis (2017),\u00a0Andrius Kalinauskas\u00a0(2011-2017), Erica Volpini (2017), Anna Kintsurashvili (2015-2017), Job Willems (2011-2017), Mikas Kauzonas (2014-2016), Cristina Filca (2016), Monika Mickute (2015-2016), Liana Sofiadi (2015\u20132016),\u00a0Luis Larrauri R Viguri (2014),\u00a0Elina Jakovele (2011\u20132014), Viktorija Gaili\u016bt\u0117 (2013-2014), Kim van den Hoven (2009-2013), Gon\u00e7alo Castanheira (2013), Isabel Marcos (2012), Lourdes Carretero (2012), Eunjin Kang (2011), Martijn Kwant (2010), Gon\u00e7alo Matos (2007-09), Smahan Amrach (2008-09), Manueline Caseau (2008-09), Tiago Pinto de Carvalho (2008), Dipl.Ing. Kerem Masaraci (2008), Mar\u00eda Alejandra Maennling (2007), Dipl.Ing. Jens P\u00f6tzsch (2007), Ir. Joana Torres (2006-07), Louise Nedergaard Clausen (2006-07), Ir. M.H.Farshid Madjidi (2007), Ana Ruiz (2006), Jef Hendrickx (2006), Antonio Rodriguez Camara (2006), Laura Gracia (2005-06), Alexandra Waluda (2005), Tuuli K\u00f6ller (2005, 2007-08), Ceren Hancioglu (2005), \u00a0Teo Hidalgo (2005), Ignacio Cabezas (2005), Diego Ochayta (2004), Julia Rodriguez Bujan (2004), Zuoming Wang (2004), Pei Liu (2004)[\/et_pb_text][\/et_pb_column][\/et_pb_row][\/et_pb_section]<\/p>\n","protected":false},"excerpt":{"rendered":"<p>Office | TeamScroll voor meer infoWoonwerk is a dedicated team of architects and urban designers working together from our studios in Antwerp and Rotterdam. We share a common curiosity for the city and a strong belief in design.Our studio functions as a collaborative environment where ideas, knowledge and experience are exchanged. We believe that good [&hellip;]<\/p>\n","protected":false},"author":7,"featured_media":0,"parent":0,"menu_order":0,"comment_status":"closed","ping_status":"closed","template":"","meta":{"_acf_changed":false,"_et_pb_use_builder":"on","_et_pb_old_content":"","_et_gb_content_width":"","footnotes":""},"class_list":["post-1119875","page","type-page","status-publish","hentry"],"acf":[],"_links":{"self":[{"href":"https:\/\/staging.woonwerk.eu\/nl\/wp-json\/wp\/v2\/pages\/1119875","targetHints":{"allow":["GET"]}}],"collection":[{"href":"https:\/\/staging.woonwerk.eu\/nl\/wp-json\/wp\/v2\/pages"}],"about":[{"href":"https:\/\/staging.woonwerk.eu\/nl\/wp-json\/wp\/v2\/types\/page"}],"author":[{"embeddable":true,"href":"https:\/\/staging.woonwerk.eu\/nl\/wp-json\/wp\/v2\/users\/7"}],"replies":[{"embeddable":true,"href":"https:\/\/staging.woonwerk.eu\/nl\/wp-json\/wp\/v2\/comments?post=1119875"}],"version-history":[{"count":8,"href":"https:\/\/staging.woonwerk.eu\/nl\/wp-json\/wp\/v2\/pages\/1119875\/revisions"}],"predecessor-version":[{"id":1125611,"href":"https:\/\/staging.woonwerk.eu\/nl\/wp-json\/wp\/v2\/pages\/1119875\/revisions\/1125611"}],"wp:attachment":[{"href":"https:\/\/staging.woonwerk.eu\/nl\/wp-json\/wp\/v2\/media?parent=1119875"}],"curies":[{"name":"wp","href":"https:\/\/api.w.org\/{rel}","templated":true}]}}